{"id":51,"date":"2021-01-15T11:18:18","date_gmt":"2021-01-15T10:18:18","guid":{"rendered":"http:\/\/www.rheinhessen-automobile.de\/?page_id=51"},"modified":"2021-01-15T11:18:24","modified_gmt":"2021-01-15T10:18:24","slug":"links","status":"publish","type":"page","link":"https:\/\/www.rheinhessen-automobile.de\/?page_id=51","title":{"rendered":"Links"},"content":{"rendered":"<p>[et_pb_section fb_built=&#8220;1&#8243; _builder_version=&#8220;4.7.7&#8243; _module_preset=&#8220;default&#8220;][et_pb_row _builder_version=&#8220;4.7.7&#8243; _module_preset=&#8220;default&#8220;][et_pb_column _builder_version=&#8220;4.7.7&#8243; _module_preset=&#8220;default&#8220; type=&#8220;4_4&#8243;][et_pb_text _builder_version=&#8220;4.7.7&#8243; _module_preset=&#8220;default&#8220; hover_enabled=&#8220;0&#8243; sticky_enabled=&#8220;0&#8243;]<\/p>\n<p class=\"paragraph_style\"><a class=\"class1\" title=\"http:\/\/www.hwk.de\/index.php?id=11&amp;no_cache=1\" href=\"http:\/\/www.hwk.de\/index.php?id=11&amp;no_cache=1\"><span class=\"style\">hwk.de<br \/><\/span><\/a><a class=\"class2\" title=\"http:\/\/www.breiter-zweiradtechnik.de\/\" href=\"http:\/\/www.breiter-zweiradtechnik.de\/\"><span class=\"style\">breiter zweiradtechnik<br \/><\/span><\/a><a class=\"class3\" title=\"http:\/\/www.hh-fliesen.de\/\" href=\"http:\/\/www.hh-fliesen.de\/\"><span class=\"style\">hh-fliesentechnik.de<\/span><\/a><br \/><a class=\"class4\" title=\"http:\/\/www.ctl-choppers.de\/\" href=\"http:\/\/www.ctl-choppers.de\/\"><span class=\"style\">ctl-choppers.de<\/span><\/a><br \/><span class=\"style_1\"><br \/><\/span><span class=\"style_2\"><br \/>Disclaimer<br \/>1. Warnhinweis zu Inhalten<\/span><span class=\"style_3\"><br \/><\/span><\/p>\n<p class=\"paragraph_style_1\"><span class=\"style_4\">Die kostenlosen und frei zug\u00e4nglichen Inhalte dieser Webseite wurden mit gr\u00f6\u00dftm\u00f6glicher Sorgfalt erstellt. Der Anbieter dieser Webseite <br \/>\u00fcbernimmt jedoch keine Gew\u00e4hr f\u00fcr die Richtigkeit und Aktualit\u00e4t der bereitgestellten kostenlosen und frei zug\u00e4nglichen journalistischen <br \/>Ratgeber und Nachrichten. Die Nutzung dieser Webseiteninhalte erfolgt auf eigene Gefahr. Allein durch den Aufruf dieser kostenlosen und <br \/>frei zug\u00e4nglichen Inhalte kommt keinerlei Vertragsverh\u00e4ltnis zwischen dem Nutzer und dem Anbieter zustande, insoweit fehlt es am Rechtsbindungswillen des Anbieters.<br \/>2. Verlinkungen<br \/>Die Webseite enth\u00e4lt Verlinkungen zu anderen Webseiten (&#8222;externe Links&#8220;). Diese Webseiten unterliegen der Haftung der jeweiligen <br \/>Seitenbetreiber. Bei Verkn\u00fcpfung der externen Links waren keine Rechtsverst\u00f6\u00dfe ersichtlich. Auf die aktuelle und k\u00fcnftige Gestaltung der <br \/>verlinkten Seiten hat der Anbieter keinen Einfluss. Die permanente \u00dcberpr\u00fcfung der externen Links ist f\u00fcr den Anbieter ohne konkrete <br \/>Hinweise auf Rechtsverst\u00f6\u00dfe nicht zumutbar. Bei Bekanntwerden von Rechtsverst\u00f6\u00dfen werden die betroffenen externen Links unverz\u00fcglich <br \/>gel\u00f6scht.<br \/>3. Urheberrecht \/ Leistungsschutzrecht<\/span><span class=\"style_5\"><br \/><\/span><span class=\"style_4\">Die auf dieser Webseite durch den Anbieter ver\u00f6ffentlichten Inhalte unterliegen dem deutschen Urheberrecht und Leistungsschutzrecht. <br \/>Alle vom deutschen Urheber- und Leistungsschutzrecht nicht zugelassene Verwertung bedarf der vorherigen schriftlichen Zustimmung des <br \/>Anbieters oder jeweiligen Rechteinhabers. Dies gilt vor allem f\u00fcr Vervielf\u00e4ltigung, Bearbeitung, \u00dcbersetzung, Einspeicherung, Verarbeitung <br \/>bzw. Wiedergabe von Inhalten in Datenbanken oder anderen elektronischen Medien und Systemen. Dabei sind Inhalte und Rechte Dritter <br \/>als solche gekennzeichnet. Das unerlaubte Kopieren der Webseiteninhalte oder der kompletten Webseite ist nicht gestattet und strafbar. <br \/>Lediglich die Herstellung von Kopien und Downloads f\u00fcr den pers\u00f6nlichen, privaten und nicht kommerziellen Gebrauch ist erlaubt.<br \/>Diese Website darf ohne schriftliche Erlaubnis nicht durch Dritte in Frames oder iFrames dargestellt werden.<br \/>4. Keine Werbung<\/span><span class=\"style_5\"><br \/><\/span><span class=\"style_4\">Die Verwendung der Kontaktdaten des Impressums zur gewerblichen Werbung ist ausdr\u00fccklich nicht erw\u00fcnscht, es sei denn der Anbieter <br \/>hatte zuvor seine schriftliche Einwilligung erteilt oder es besteht bereits eine Gesch\u00e4ftsbeziehung. Der Anbieter und alle auf dieser Website genannten Personen widersprechen hiermit jeder kommerziellen Verwendung und Weitergabe ihrer Daten.<br \/>5. Besondere Nutzungsbedingungen<\/span><span class=\"style_5\"><br \/><\/span><span class=\"style_4\">Soweit besondere Bedingungen f\u00fcr einzelne Nutzungen dieser Website von den vorgenannten Nummern 1. bis 4. abweichen, wird an <br \/>entsprechender Stelle ausdr\u00fccklich darauf hingewiesen. In diesem Falle gelten im jeweiligen Einzelfall die besonderen Bedingungen.<br \/><\/span><span class=\"style_5\">Quelle: <\/span><a title=\"http:\/\/www.fachanwalt.de\/\" href=\"http:\/\/www.fachanwalt.de\/\" class=\"style_6\">www.fachanwalt.de<\/a><\/p>\n<p>[\/et_pb_text][\/et_pb_column][\/et_pb_row][\/et_pb_section]<\/p>\n","protected":false},"excerpt":{"rendered":"<p>[et_pb_section fb_built=&#8220;1&#8243; _builder_version=&#8220;4.7.7&#8243; _module_preset=&#8220;default&#8220;][et_pb_row _builder_version=&#8220;4.7.7&#8243; _module_preset=&#8220;default&#8220;][et_pb_column _builder_version=&#8220;4.7.7&#8243; _module_preset=&#8220;default&#8220; type=&#8220;4_4&#8243;][et_pb_text _builder_version=&#8220;4.7.7&#8243; _module_preset=&#8220;default&#8220; hover_enabled=&#8220;0&#8243; sticky_enabled=&#8220;0&#8243;] hwk.debreiter zweiradtechnikhh-fliesentechnik.dectl-choppers.deDisclaimer1. Warnhinweis zu Inhalten Die kostenlosen und frei zug\u00e4nglichen Inhalte dieser Webseite wurden mit gr\u00f6\u00dftm\u00f6glicher Sorgfalt erstellt. Der Anbieter dieser Webseite \u00fcbernimmt jedoch keine Gew\u00e4hr f\u00fcr die Richtigkeit und Aktualit\u00e4t der bereitgestellten kostenlosen und frei zug\u00e4nglichen journalistischen Ratgeber und Nachrichten. Die [&hellip;]<\/p>\n","protected":false},"author":1,"featured_media":0,"parent":0,"menu_order":0,"comment_status":"closed","ping_status":"closed","template":"","meta":{"_et_pb_use_builder":"on","_et_pb_old_content":"","_et_gb_content_width":"","footnotes":""},"class_list":["post-51","page","type-page","status-publish","hentry"],"_links":{"self":[{"href":"https:\/\/www.rheinhessen-automobile.de\/index.php?rest_route=\/wp\/v2\/pages\/51","targetHints":{"allow":["GET"]}}],"collection":[{"href":"https:\/\/www.rheinhessen-automobile.de\/index.php?rest_route=\/wp\/v2\/pages"}],"about":[{"href":"https:\/\/www.rheinhessen-automobile.de\/index.php?rest_route=\/wp\/v2\/types\/page"}],"author":[{"embeddable":true,"href":"https:\/\/www.rheinhessen-automobile.de\/index.php?rest_route=\/wp\/v2\/users\/1"}],"replies":[{"embeddable":true,"href":"https:\/\/www.rheinhessen-automobile.de\/index.php?rest_route=%2Fwp%2Fv2%2Fcomments&post=51"}],"version-history":[{"count":2,"href":"https:\/\/www.rheinhessen-automobile.de\/index.php?rest_route=\/wp\/v2\/pages\/51\/revisions"}],"predecessor-version":[{"id":55,"href":"https:\/\/www.rheinhessen-automobile.de\/index.php?rest_route=\/wp\/v2\/pages\/51\/revisions\/55"}],"wp:attachment":[{"href":"https:\/\/www.rheinhessen-automobile.de\/index.php?rest_route=%2Fwp%2Fv2%2Fmedia&parent=51"}],"curies":[{"name":"wp","href":"https:\/\/api.w.org\/{rel}","templated":true}]}}